{"id":12,"date":"2010-08-21T01:45:11","date_gmt":"2010-08-20T23:45:11","guid":{"rendered":"http:\/\/natex-hamburg.de\/blog\/?page_id=12"},"modified":"2025-09-04T20:06:00","modified_gmt":"2025-09-04T18:06:00","slug":"teilnahmeinformationen","status":"publish","type":"page","link":"https:\/\/natex-hamburg.de\/blog\/teilnahmeinformationen\/","title":{"rendered":"Teilnahmeinformationen"},"content":{"rendered":"<h2>Der Versuchsbericht<\/h2>\n<p>Benutzt bitte <strong>keine<\/strong> Schnellhefter, Klarsichtfolien oder \u00e4hnliches, sondern tackert die Seiten einfach oben links zusammen. Beschreibt alle Seiten doppelseitig, das ist umweltfreundlich und spart bei uns Ordner.<\/p>\n<h2>Teilnehmer<\/h2>\n<p>Die NATEX-Aufgaben d\u00fcrfen allein, zu zweit, aber h\u00f6chstens zu dritt gel\u00f6st werden.<\/p>\n<h2>Das Aufgabendeckblatt &amp; die Online-Daten\u00fcbertragung<\/h2>\n<p>Damit wir eure Arbeit richtig zuordnen k\u00f6nnen und euch unsere R\u00fcckmeldung auch erreicht, ben\u00f6tigen wir von euch ein paar Angaben (z.B. Name, Klasse, Schule).<\/p>\n<p>Bevor ihr also euren Versuchsbericht einsendet, nutzt bitte unsere <a href=\"\/blog\/internet-anmeldung\">Online-Daten\u00fcbertragung<\/a>. Sie ist jeweils w\u00e4hrend einer Aufgabenrunde aktiviert. Nach dem Ausf\u00fcllen der entsprechenden Felder erhaltet ihr ein komplett fertiges Aufgabendeckblatt mit eurer Teilnehmernummer. <strong>Dieses Deckblatt druckt ihr aus und heftet es vor eure Arbeit als erste Seite.<\/strong> Ohne eure Teilnehmernummer k\u00f6nnen wir eure Arbeit in der Regel nicht bearbeiten. Sollte eine Online-Daten\u00fcbertragung nicht m\u00f6glich sein, kontaktiert uns bitte unter natex@t-online.de.<\/p>\n<p>Mit der Online-Daten\u00fcbertragung k\u00f6nnen wir sicherstellen, dass wir eure Daten richtig erfassen. Achtet also vor allem darauf euren Namen richtig zu schreiben, damit eure Urkunde sp\u00e4ter korrekt gedruckt werden kann. Au\u00dferdem ersparen wir uns durch die Online-Daten\u00fcbertragung viel Schreibarbeit und \u00dcbertragungsfehler werden vermieden.<\/p>\n<h2>Die Versand-Adresse<\/h2>\n<p>Schickt euren Versuchsbericht mit ausgef\u00fclltem Deckblatt \u00fcber euren Lehrer portofrei per Beh\u00f6rdenpost oder mit der &#8222;normalen&#8220; Post an das Gymnasium Marienthal.<br \/>\nDie Adresse:\u00a0\u00a0\u00a0\u00a0\u00a0\u00a0\u00a0\u00a0\u00a0\u00a0\u00a0\u00a0\u00a0\u00a0\u00a0 \u00a0 \u00a0 \u00a0 \u00a0 \u00a0 \u00a0\u00a0 Gymnasium Marienthal<br \/>\n<span style=\"color: #ffcc99;\">.<\/span>\u00a0\u00a0\u00a0\u00a0\u00a0\u00a0\u00a0\u00a0\u00a0\u00a0\u00a0\u00a0\u00a0\u00a0\u00a0\u00a0\u00a0\u00a0\u00a0\u00a0\u00a0\u00a0\u00a0\u00a0\u00a0\u00a0\u00a0\u00a0\u00a0\u00a0\u00a0\u00a0\u00a0\u00a0\u00a0\u00a0\u00a0\u00a0\u00a0\u00a0\u00a0\u00a0\u00a0\u00a0\u00a0\u00a0\u00a0\u00a0\u00a0\u00a0\u00a0\u00a0\u00a0 z.Hd. Markus Ziebegk<br \/>\n<span style=\"color: #ffcc99;\">.<\/span>\u00a0\u00a0\u00a0\u00a0\u00a0\u00a0\u00a0\u00a0\u00a0\u00a0\u00a0\u00a0\u00a0\u00a0\u00a0\u00a0\u00a0\u00a0\u00a0\u00a0\u00a0\u00a0\u00a0\u00a0\u00a0\u00a0\u00a0\u00a0\u00a0\u00a0\u00a0\u00a0\u00a0\u00a0\u00a0\u00a0\u00a0\u00a0\u00a0\u00a0\u00a0\u00a0\u00a0\u00a0\u00a0\u00a0\u00a0\u00a0\u00a0\u00a0\u00a0\u00a0\u00a0\u00a0\u00a0 Stichwort \u201eNATEX\u201c<br \/>\n<span style=\"color: #ffcc99;\">.<\/span>\u00a0\u00a0\u00a0\u00a0\u00a0\u00a0\u00a0\u00a0\u00a0\u00a0\u00a0\u00a0\u00a0\u00a0\u00a0\u00a0\u00a0\u00a0\u00a0\u00a0\u00a0\u00a0\u00a0\u00a0\u00a0\u00a0\u00a0\u00a0\u00a0\u00a0\u00a0\u00a0\u00a0\u00a0\u00a0\u00a0\u00a0\u00a0\u00a0\u00a0\u00a0\u00a0\u00a0\u00a0\u00a0\u00a0\u00a0\u00a0\u00a0\u00a0\u00a0\u00a0\u00a0\u00a0\u00a0\u00a0\u00a0\u00a0\u00a0\u00a0\u00a0 LZ 380\/5898<br \/>\n<span style=\"color: #ffcc99;\">.<\/span>\u00a0\u00a0\u00a0\u00a0\u00a0\u00a0\u00a0\u00a0\u00a0\u00a0\u00a0\u00a0\u00a0\u00a0\u00a0\u00a0\u00a0\u00a0\u00a0\u00a0\u00a0\u00a0\u00a0\u00a0\u00a0\u00a0\u00a0\u00a0\u00a0\u00a0\u00a0\u00a0\u00a0\u00a0\u00a0\u00a0\u00a0\u00a0\u00a0\u00a0\u00a0\u00a0\u00a0\u00a0\u00a0\u00a0\u00a0\u00a0\u00a0\u00a0\u00a0\u00a0\u00a0\u00a0\u00a0 Holstenhofweg 86<br \/>\n<span style=\"color: #ffcc99;\">.<\/span>\u00a0\u00a0\u00a0\u00a0\u00a0\u00a0\u00a0\u00a0\u00a0\u00a0\u00a0\u00a0\u00a0\u00a0\u00a0\u00a0\u00a0\u00a0\u00a0\u00a0\u00a0\u00a0\u00a0\u00a0\u00a0\u00a0\u00a0\u00a0\u00a0\u00a0\u00a0\u00a0\u00a0\u00a0\u00a0\u00a0\u00a0\u00a0\u00a0\u00a0\u00a0\u00a0\u00a0\u00a0\u00a0\u00a0\u00a0\u00a0\u00a0\u00a0\u00a0\u00a0\u00a0\u00a0\u00a0\u00a0\u00a0 22043 Hamburg<\/p>\n<h2>Wichtige Hinweise zur Einsendung per Email<\/h2>\n<ul>\n<li>Speichert euren Versuchsbericht (inklusive Deckblatt!) als <u>eine<\/u> Datei im PDF-Format. Die maximale Dateigr\u00f6\u00dfe betr\u00e4gt 50 MB (verkleinert ggf. gro\u00dfe Fotos).<\/li>\n<li>Sendet euren Versuchsbericht <u>als Anhang<\/u> an die Adresse: <strong><em>nat.ex(at)gymmar.hamburg.de<\/em><\/strong>. Schickt uns bitte keinen Link zu einer Cloud.<\/li>\n<li>Die Betreffzeile der E-Mail <u>muss<\/u> eure Klasse, eure(n) Namen und die Teilnehmernummern aller (!) Gruppenmitglieder enthalten.<br \/>\nSie muss genau so aufgebaut sein wie im Beispiel:<br \/>\n<strong><em>\u00a0\u00a0\u00a0\u00a0\u00a0\u00a0\u00a0\u00a0\u00a0\u00a0\u00a0\u00a0\u00a0\u00a0\u00a0\u00a0\u00a0\u00a0\u00a0\u00a0 Klasse 8, Fred Feuerstein, Donald Duck, 8974, 9013<\/em><\/strong><\/li>\n<li>Pro Email bitte nur einen einzigen Versuchsbericht schicken.<\/li>\n<\/ul>\n<h2>Gewinne<\/h2>\n<p>Wer an beiden Aufgaben eines Schuljahres teilnimmt erh\u00f6ht seine Chancen auf eine gute Platzierung und attraktive Preise f\u00fcr junge Naturwissenschaftler. Sch\u00fclerinnen und Sch\u00fcler, die besonders erfolgreich teilgenommen haben, werden nicht nur zur NATEX-Siegerehrung eingeladen, sondern auch ins Hamburger Rathaus. Um eine Urkunde zu erhalten, reicht bereits die erfolgreiche Teilnahme an einer Aufgabe aus.<\/p>\n<p><a href=\"https:\/\/natex-hamburg.de\/blog\/wp-content\/uploads\/NATEX-Jahreskalender.png\"><img loading=\"lazy\" decoding=\"async\" class=\"aligncenter wp-image-1675 size-full\" src=\"https:\/\/natex-hamburg.de\/blog\/wp-content\/uploads\/NATEX-Jahreskalender.png\" alt=\"\" width=\"980\" height=\"804\" srcset=\"https:\/\/natex-hamburg.de\/blog\/wp-content\/uploads\/NATEX-Jahreskalender.png 980w, https:\/\/natex-hamburg.de\/blog\/wp-content\/uploads\/NATEX-Jahreskalender-300x246.png 300w, https:\/\/natex-hamburg.de\/blog\/wp-content\/uploads\/NATEX-Jahreskalender-768x630.png 768w\" sizes=\"auto, (max-width: 980px) 100vw, 980px\" \/><\/a><\/p>\n","protected":false},"excerpt":{"rendered":"<p>Der Versuchsbericht Benutzt bitte keine Schnellhefter, Klarsichtfolien oder \u00e4hnliches, sondern tackert die Seiten einfach oben links zusammen. Beschreibt alle Seiten doppelseitig, das ist umweltfreundlich und spart bei uns Ordner. Teilnehmer Die NATEX-Aufgaben d\u00fcrfen allein, zu zweit, aber h\u00f6chstens zu dritt &hellip; <a href=\"https:\/\/natex-hamburg.de\/blog\/teilnahmeinformationen\/\">Continue reading <span class=\"meta-nav\">&rarr;<\/span><\/a><\/p>\n","protected":false},"author":1,"featured_media":0,"parent":0,"menu_order":0,"comment_status":"closed","ping_status":"closed","template":"","meta":{"footnotes":""},"class_list":["post-12","page","type-page","status-publish","hentry"],"_links":{"self":[{"href":"https:\/\/natex-hamburg.de\/blog\/wp-json\/wp\/v2\/pages\/12","targetHints":{"allow":["GET"]}}],"collection":[{"href":"https:\/\/natex-hamburg.de\/blog\/wp-json\/wp\/v2\/pages"}],"about":[{"href":"https:\/\/natex-hamburg.de\/blog\/wp-json\/wp\/v2\/types\/page"}],"author":[{"embeddable":true,"href":"https:\/\/natex-hamburg.de\/blog\/wp-json\/wp\/v2\/users\/1"}],"replies":[{"embeddable":true,"href":"https:\/\/natex-hamburg.de\/blog\/wp-json\/wp\/v2\/comments?post=12"}],"version-history":[{"count":22,"href":"https:\/\/natex-hamburg.de\/blog\/wp-json\/wp\/v2\/pages\/12\/revisions"}],"predecessor-version":[{"id":2789,"href":"https:\/\/natex-hamburg.de\/blog\/wp-json\/wp\/v2\/pages\/12\/revisions\/2789"}],"wp:attachment":[{"href":"https:\/\/natex-hamburg.de\/blog\/wp-json\/wp\/v2\/media?parent=12"}],"curies":[{"name":"wp","href":"https:\/\/api.w.org\/{rel}","templated":true}]}}