{"id":14,"date":"2010-08-21T01:45:46","date_gmt":"2010-08-20T23:45:46","guid":{"rendered":"http:\/\/natex-hamburg.de\/blog\/?page_id=14"},"modified":"2024-07-20T23:03:48","modified_gmt":"2024-07-20T21:03:48","slug":"materialien","status":"publish","type":"page","link":"https:\/\/natex-hamburg.de\/blog\/materialien\/","title":{"rendered":"Materialien"},"content":{"rendered":"<p>Hier kannst du dir Werbematerialien und Publikationen zu NATEX herunterladen.<\/p>\n<hr style=\"border: 2px solid #333;\" \/>\n<p><strong><span style=\"text-decoration: underline;\">Leitfaden f\u00fcr die NATEX-Versuche<\/span><\/strong><\/p>\n<p>Liebe NATEX-Forscherinnen und -Forscher.<br \/>\nImmer wieder werden wir gefragt, wie man seine NATEX-Arbeit verbessern kann oder was man f\u00fcr eine sehr erfolgreiche Teilnahme alles tun muss. Um zu helfen, haben wir einen Leitfaden zusammengestellt. Lass dich durch den Umfang nicht gleich abschrecken, aber wir wollten auf m\u00f6glichst viele Fragen und Punkte eingehen. Du musst nat\u00fcrlich nicht alles machen, um Spa\u00df und Erfolg zu haben, vor allem wenn du zum ersten Mal mitmachst.<br \/>\nDu kannst zum Einstieg auch mit unserer deutlich k\u00fcrzeren <a href=\"http:\/\/natex-hamburg.de\/blog\/wp-content\/uploads\/Leitfaden-f\u00fcr-die-NATEX-Versuche-Checkliste.pdf\" target=\"_blank\" rel=\"noopener\">Checkliste<\/a> arbeiten. Sie fasst alles Wichtige zusammen und hilft dir bestimmt beim erfolgreichen Forschen.<br \/>\nViel Spa\u00df!<br \/>\nDein NATEX-Team<\/p>\n<p style=\"margin-bottom: 0px;\"><a href=\"https:\/\/natex-hamburg.de\/blog\/wp-content\/uploads\/Leitfaden-f\u00fcr-die-NATEX-Versuche.pdf\">[PDF-Datei herunterladen.]<\/a><\/p><object class=\"vanilla-pdf-embed\" data=\"https:\/\/natex-hamburg.de\/blog\/wp-content\/uploads\/Leitfaden-f\u00fcr-die-NATEX-Versuche.pdf#page=1&view=FitH\" type=\"application\/pdf\" width=\"100%\" height=\"500em\">\n<\/object>\n<hr style=\"border: 2px solid #333;\" \/>\n<p>Unser aktueller Flyer mit Informationen zum Wettbewerb und zur Teilnahme.<\/p>\n<p style=\"margin-bottom: 0px;\"><a href=\"https:\/\/natex-hamburg.de\/blog\/wp-content\/uploads\/NATEX-Flyer-2024.pdf\">[PDF-Datei herunterladen.]<\/a><\/p><object class=\"vanilla-pdf-embed\" data=\"https:\/\/natex-hamburg.de\/blog\/wp-content\/uploads\/NATEX-Flyer-2024.pdf#page=1&view=FitH\" type=\"application\/pdf\" width=\"100%\" height=\"500em\">\n<\/object>\n<hr style=\"border: 2px solid #333;\" \/>\n<p>Das Wettbewerbsposter<\/p>\n<p style=\"margin-bottom: 0px;\"><a href=\"https:\/\/natex-hamburg.de\/blog\/wp-content\/uploads\/NATEX-Poster-2024.pdf\">[PDF-Datei herunterladen.]<\/a><\/p><object class=\"vanilla-pdf-embed\" data=\"https:\/\/natex-hamburg.de\/blog\/wp-content\/uploads\/NATEX-Poster-2024.pdf#page=1&view=FitH\" type=\"application\/pdf\" width=\"100%\" height=\"500em\">\n<\/object>\n<hr style=\"border: 2px solid #333;\" \/>\n<p>LI-Brosch\u00fcre \u201eAus Pisa lernen\u201c (<a href=\"https:\/\/natex-hamburg.de\/auspisalernen\/auspisalernen.pdf\">PDF, 6 MB<\/a>): Ausf\u00fchrliche 56-seitige Brosch\u00fcre vom November 2006 \u00fcber die Chancen, die der Wettbewerb bei der Kompetenzentwicklung bietet.<\/p>\n","protected":false},"excerpt":{"rendered":"<p>Hier kannst du dir Werbematerialien und Publikationen zu NATEX herunterladen. Leitfaden f\u00fcr die NATEX-Versuche Liebe NATEX-Forscherinnen und -Forscher. Immer wieder werden wir gefragt, wie man seine NATEX-Arbeit verbessern kann oder was man f\u00fcr eine sehr erfolgreiche Teilnahme alles tun muss. &hellip; <a href=\"https:\/\/natex-hamburg.de\/blog\/materialien\/\">Continue reading <span class=\"meta-nav\">&rarr;<\/span><\/a><\/p>\n","protected":false},"author":1,"featured_media":0,"parent":0,"menu_order":0,"comment_status":"closed","ping_status":"open","template":"","meta":{"footnotes":""},"class_list":["post-14","page","type-page","status-publish","hentry"],"_links":{"self":[{"href":"https:\/\/natex-hamburg.de\/blog\/wp-json\/wp\/v2\/pages\/14","targetHints":{"allow":["GET"]}}],"collection":[{"href":"https:\/\/natex-hamburg.de\/blog\/wp-json\/wp\/v2\/pages"}],"about":[{"href":"https:\/\/natex-hamburg.de\/blog\/wp-json\/wp\/v2\/types\/page"}],"author":[{"embeddable":true,"href":"https:\/\/natex-hamburg.de\/blog\/wp-json\/wp\/v2\/users\/1"}],"replies":[{"embeddable":true,"href":"https:\/\/natex-hamburg.de\/blog\/wp-json\/wp\/v2\/comments?post=14"}],"version-history":[{"count":14,"href":"https:\/\/natex-hamburg.de\/blog\/wp-json\/wp\/v2\/pages\/14\/revisions"}],"predecessor-version":[{"id":2586,"href":"https:\/\/natex-hamburg.de\/blog\/wp-json\/wp\/v2\/pages\/14\/revisions\/2586"}],"wp:attachment":[{"href":"https:\/\/natex-hamburg.de\/blog\/wp-json\/wp\/v2\/media?parent=14"}],"curies":[{"name":"wp","href":"https:\/\/api.w.org\/{rel}","templated":true}]}}