{"id":2011,"date":"2020-01-16T02:12:04","date_gmt":"2020-01-16T00:12:04","guid":{"rendered":"https:\/\/natex-hamburg.de\/blog\/?page_id=2011"},"modified":"2020-01-16T02:12:04","modified_gmt":"2020-01-16T00:12:04","slug":"unsere-auswahl-von-lebermoosen-in-hamburg","status":"publish","type":"page","link":"https:\/\/natex-hamburg.de\/blog\/tierschutz\/hilfen-zur-natex-aufgabe-ohne-moos-nix-los\/moos-bestimmungshilfe1\/unsere-auswahl-von-lebermoosen-in-hamburg\/","title":{"rendered":"Unsere Auswahl von Lebermoosen in Hamburg"},"content":{"rendered":"<p><strong>\u00a0<\/strong><\/p>\n<table>\n<tbody>\n<tr>\n<td width=\"302\">\n<h6 style=\"text-align: center;\"><strong>Verschiedenbl\u00e4ttriges Kammkelchmoos<\/strong><br \/>\n(Lophocolea heterophylla)<\/h6>\n<h6><a href=\"https:\/\/natex-hamburg.de\/blog\/wp-content\/uploads\/Lophocolea-heterophylla.jpg\"><img loading=\"lazy\" decoding=\"async\" class=\"aligncenter size-medium wp-image-1914\" src=\"https:\/\/natex-hamburg.de\/blog\/wp-content\/uploads\/Lophocolea-heterophylla-300x209.jpg\" alt=\"\" width=\"300\" height=\"209\" srcset=\"https:\/\/natex-hamburg.de\/blog\/wp-content\/uploads\/Lophocolea-heterophylla-300x209.jpg 300w, https:\/\/natex-hamburg.de\/blog\/wp-content\/uploads\/Lophocolea-heterophylla-768x535.jpg 768w, https:\/\/natex-hamburg.de\/blog\/wp-content\/uploads\/Lophocolea-heterophylla-1024x713.jpg 1024w\" sizes=\"auto, (max-width: 300px) 100vw, 300px\" \/><\/a>Man findet es vor allem an halbschattigen Standorten, wo es beispielsweise im unteren Bereich an Baumst\u00e4mmen, auf abgestorbenen Pflanzenresten sowie auf Felsen \/ Steinen w\u00e4chst. Die Bl\u00e4ttchen sind gelb bis hellgr\u00fcn gef\u00e4rbt und k\u00f6nnen z.B. Gestein schnell mit einem flachen \u00dcberzug \u00fcberwachsen. Die St\u00e4mmchen werden ca. 3 cm lang und 2 mm breit und sind stark verzweigt.<\/h6>\n<\/td>\n<td width=\"302\">\n<h6 style=\"text-align: center;\"><strong>Zweiz\u00e4hnige Kammkelchmoos<\/strong><br \/>\n(Lophocolea bidentata)<\/h6>\n<h6><a href=\"https:\/\/natex-hamburg.de\/blog\/wp-content\/uploads\/Lophocolea-bidentata.jpg\"><img loading=\"lazy\" decoding=\"async\" class=\"aligncenter size-medium wp-image-1913\" src=\"https:\/\/natex-hamburg.de\/blog\/wp-content\/uploads\/Lophocolea-bidentata-300x214.jpg\" alt=\"\" width=\"300\" height=\"214\" srcset=\"https:\/\/natex-hamburg.de\/blog\/wp-content\/uploads\/Lophocolea-bidentata-300x214.jpg 300w, https:\/\/natex-hamburg.de\/blog\/wp-content\/uploads\/Lophocolea-bidentata-768x547.jpg 768w, https:\/\/natex-hamburg.de\/blog\/wp-content\/uploads\/Lophocolea-bidentata.jpg 1024w\" sizes=\"auto, (max-width: 300px) 100vw, 300px\" \/><\/a>Es w\u00e4chst bevorzugt an feuchten, n\u00e4hrstoffreichen Standorten, toleriert und \u00fcberdauert dabei auch lange Trockenheitsperioden. Es w\u00e4chst h\u00e4ufig zwischen <del>anderen <\/del>Laubmoosarten und Gr\u00e4sern in Rasen oder auf morschen Holz \/ Totholz. Die Bl\u00e4ttchen sind gelb bis wei\u00df-gr\u00fcn gef\u00e4rbt und werden bis zu 3 cm lang und 3 mm breit.<\/h6>\n<\/td>\n<\/tr>\n<\/tbody>\n<\/table>\n<h6 style=\"text-align: center;\"><strong>Gemeines Beckenmoos<\/strong><br \/>\n(Pellia epiphylla)<\/h6>\n<h6><a href=\"https:\/\/natex-hamburg.de\/blog\/wp-content\/uploads\/Pellia-epiphylla.jpg\"><img loading=\"lazy\" decoding=\"async\" class=\"aligncenter size-medium wp-image-1902\" src=\"https:\/\/natex-hamburg.de\/blog\/wp-content\/uploads\/Pellia-epiphylla-300x209.jpg\" alt=\"\" width=\"300\" height=\"209\" srcset=\"https:\/\/natex-hamburg.de\/blog\/wp-content\/uploads\/Pellia-epiphylla-300x209.jpg 300w, https:\/\/natex-hamburg.de\/blog\/wp-content\/uploads\/Pellia-epiphylla-768x535.jpg 768w, https:\/\/natex-hamburg.de\/blog\/wp-content\/uploads\/Pellia-epiphylla-1024x713.jpg 1024w, https:\/\/natex-hamburg.de\/blog\/wp-content\/uploads\/Pellia-epiphylla.jpg 1169w\" sizes=\"auto, (max-width: 300px) 100vw, 300px\" \/><\/a>Es geh\u00f6rt zu den sog. Pionierarten, d.h. sie kann bisher vegetationslose oder -arme Standorte schnell besiedeln und konkurrenzschw\u00e4chere Arten \u00fcberwachsen. Es bildet flache, oftmals ausgedehnte dunkelgr\u00fcne Rasen und kommt h\u00e4ufig an halbschattigen bis schattigen, feuchten Standorten vor (beispielsweise auf Waldboden, an Wegesr\u00e4ndern und an Gr\u00e4ben sowie in Mooren).<\/h6>\n<p style=\"text-align: center;\">ENDE<\/p>\n","protected":false},"excerpt":{"rendered":"<p>\u00a0 Verschiedenbl\u00e4ttriges Kammkelchmoos (Lophocolea heterophylla) Man findet es vor allem an halbschattigen Standorten, wo es beispielsweise im unteren Bereich an Baumst\u00e4mmen, auf abgestorbenen Pflanzenresten sowie auf Felsen \/ Steinen w\u00e4chst. Die Bl\u00e4ttchen sind gelb bis hellgr\u00fcn gef\u00e4rbt und k\u00f6nnen z.B. &hellip; <a href=\"https:\/\/natex-hamburg.de\/blog\/tierschutz\/hilfen-zur-natex-aufgabe-ohne-moos-nix-los\/moos-bestimmungshilfe1\/unsere-auswahl-von-lebermoosen-in-hamburg\/\">Continue reading <span class=\"meta-nav\">&rarr;<\/span><\/a><\/p>\n","protected":false},"author":2,"featured_media":0,"parent":1830,"menu_order":0,"comment_status":"closed","ping_status":"closed","template":"","meta":{"footnotes":""},"class_list":["post-2011","page","type-page","status-publish","hentry"],"_links":{"self":[{"href":"https:\/\/natex-hamburg.de\/blog\/wp-json\/wp\/v2\/pages\/2011","targetHints":{"allow":["GET"]}}],"collection":[{"href":"https:\/\/natex-hamburg.de\/blog\/wp-json\/wp\/v2\/pages"}],"about":[{"href":"https:\/\/natex-hamburg.de\/blog\/wp-json\/wp\/v2\/types\/page"}],"author":[{"embeddable":true,"href":"https:\/\/natex-hamburg.de\/blog\/wp-json\/wp\/v2\/users\/2"}],"replies":[{"embeddable":true,"href":"https:\/\/natex-hamburg.de\/blog\/wp-json\/wp\/v2\/comments?post=2011"}],"version-history":[{"count":1,"href":"https:\/\/natex-hamburg.de\/blog\/wp-json\/wp\/v2\/pages\/2011\/revisions"}],"predecessor-version":[{"id":2014,"href":"https:\/\/natex-hamburg.de\/blog\/wp-json\/wp\/v2\/pages\/2011\/revisions\/2014"}],"up":[{"embeddable":true,"href":"https:\/\/natex-hamburg.de\/blog\/wp-json\/wp\/v2\/pages\/1830"}],"wp:attachment":[{"href":"https:\/\/natex-hamburg.de\/blog\/wp-json\/wp\/v2\/media?parent=2011"}],"curies":[{"name":"wp","href":"https:\/\/api.w.org\/{rel}","templated":true}]}}