{"id":2016,"date":"2020-01-16T02:27:36","date_gmt":"2020-01-16T00:27:36","guid":{"rendered":"https:\/\/natex-hamburg.de\/blog\/?page_id=2016"},"modified":"2020-01-16T02:34:21","modified_gmt":"2020-01-16T00:34:21","slug":"auswahl-seitenfruechtiger-laubmoose-in-hamburg","status":"publish","type":"page","link":"https:\/\/natex-hamburg.de\/blog\/tierschutz\/hilfen-zur-natex-aufgabe-ohne-moos-nix-los\/moos-bestimmungshilfe1\/auswahl-seitenfruechtiger-laubmoose-in-hamburg\/","title":{"rendered":"Unsere Auswahl seitenfr\u00fcchtiger Laubmoose in Hamburg"},"content":{"rendered":"<p>Kennzeichen:<\/p>\n<ul>\n<li>St\u00e4mmchen sind meist mehr oder weniger <u>liegend<\/u> und <u>verzweigt<\/u>. Die St\u00e4mmchen verschiedener Einzelpflanzen sind <u>ineinander verflochtenen<\/u>, wodurch Moosrasen bzw. -matten entstehen.<\/li>\n<li>Die Fortpflanzungsorgane (Kapseln mit Stielen) sitzen meist <u>an den Seiten<\/u> der \u00c4stchen oder St\u00e4mmchen.<\/li>\n<li>Mithilfe eines Mikroskops kann man erkennen, dass die Blattzellen zumeist <u>extrem lang und d\u00fcnn<\/u> sind.<\/li>\n<\/ul>\n<p>Sortiert nach systematischer \u00c4hnlichkeit (insgesamt 5 Familien) aus der Ordnung Hypnales der Unterklasse Bryidae:<\/p>\n<ul>\n<li>Familie: Amblystegiaceae (3 Gattungen)<\/li>\n<li>Familie: Brachytheciaceae (3 Gattungen)<\/li>\n<li>Familie: Hylocomiaceae (1 Gattung)<\/li>\n<li>Familie: Hypnaceae (2 Gattungen)<\/li>\n<li>Familie: Plagiotheciaceae (2 Gattungen)<\/li>\n<\/ul>\n<p><strong><span style=\"text-decoration: underline;\">Amblystegiaceae (3 Moose aus 3 Gattungen):<\/span><\/strong><\/p>\n<table>\n<tbody>\n<tr>\n<td width=\"302\">\n<h6 style=\"text-align: center;\"><strong>Kriechendes Sumpfdeckelmoos<br \/>\n<\/strong>(Amblystegium serpens)<\/h6>\n<h6 style=\"text-align: center;\"><a href=\"https:\/\/natex-hamburg.de\/blog\/wp-content\/uploads\/Amb-Kriechendes-Sumpfdeckelmoos.jpg\"><img loading=\"lazy\" decoding=\"async\" class=\"aligncenter wp-image-1855\" src=\"https:\/\/natex-hamburg.de\/blog\/wp-content\/uploads\/Amb-Kriechendes-Sumpfdeckelmoos-150x150.jpg\" alt=\"\" width=\"300\" height=\"226\" srcset=\"https:\/\/natex-hamburg.de\/blog\/wp-content\/uploads\/Amb-Kriechendes-Sumpfdeckelmoos-300x226.jpg 300w, https:\/\/natex-hamburg.de\/blog\/wp-content\/uploads\/Amb-Kriechendes-Sumpfdeckelmoos-768x578.jpg 768w, https:\/\/natex-hamburg.de\/blog\/wp-content\/uploads\/Amb-Kriechendes-Sumpfdeckelmoos-1024x771.jpg 1024w, https:\/\/natex-hamburg.de\/blog\/wp-content\/uploads\/Amb-Kriechendes-Sumpfdeckelmoos.jpg 1385w\" sizes=\"auto, (max-width: 300px) 100vw, 300px\" \/><\/a><a href=\"http:\/\/www.bildatlas-moose.de\/a-b\/Amblystegium_serpens.html\">weitere Details dieses Mooses<\/a><\/h6>\n<h6>Man findet es sowohl auf Gestein, Holz als auch Erde, wo sie einen dicht verzweigten Rasen bilden kann. Die Bl\u00e4tter sind ca. 1 mm breit und werden bis zu 4,5 cm lang.<\/h6>\n<h6><\/h6>\n<\/td>\n<td width=\"302\">\n<h6 style=\"text-align: center;\"><strong>Spitzbl\u00e4ttriges Spie\u00dfmoos<\/strong><br \/>\n(Calliergonella cuspidata)<\/h6>\n<h6 style=\"text-align: center;\"><a href=\"https:\/\/natex-hamburg.de\/blog\/wp-content\/uploads\/Cal-Spitzbl\u00e4ttriges-Spie\u00dfmoos.jpg\"><img loading=\"lazy\" decoding=\"async\" class=\"aligncenter wp-image-1855\" src=\"https:\/\/natex-hamburg.de\/blog\/wp-content\/uploads\/Cal-Spitzbl\u00e4ttriges-Spie\u00dfmoos-300x225.jpg\" alt=\"\" width=\"300\" height=\"226\" \/><\/a><a href=\"http:\/\/www.bildatlas-moose.de\/c-d\/Calliergonella_cuspidata.html\">weitere Details dieses Mooses<\/a><\/h6>\n<h6>Es w\u00e4chst auf nassen bis sumpfigen B\u00f6den und ist i.d.R. hellgr\u00fcn gef\u00e4rbt (selten auch br\u00e4unlich bis r\u00f6tlich). Die Pflanze wird bis zu 15 cm gro\u00df, die einzelnen Bl\u00e4ttchen hingegen nur 2 &#8211; 3 mm. Anhand der Bl\u00e4ttchen l\u00e4sst sich diese Art auch gut erkennen: Die nach oben gerichteten Spitzen der St\u00e4mmchen sind zu einem geraden, leicht stechenden Dorn zusammengewickelt.<\/h6>\n<\/td>\n<\/tr>\n<\/tbody>\n<\/table>\n<h6 style=\"text-align: center;\"><strong>Ufer-(Bach-)moos<\/strong><br \/>\n(Leptodictyum riparium)<\/h6>\n<h6 style=\"text-align: center;\"><a href=\"https:\/\/natex-hamburg.de\/blog\/wp-content\/uploads\/Bachmoos.jpg\"><img loading=\"lazy\" decoding=\"async\" class=\"aligncenter wp-image-1853\" src=\"https:\/\/natex-hamburg.de\/blog\/wp-content\/uploads\/Bachmoos-150x150.jpg\" alt=\"\" width=\"300\" height=\"226\" srcset=\"https:\/\/natex-hamburg.de\/blog\/wp-content\/uploads\/Bachmoos-300x226.jpg 300w, https:\/\/natex-hamburg.de\/blog\/wp-content\/uploads\/Bachmoos-768x578.jpg 768w, https:\/\/natex-hamburg.de\/blog\/wp-content\/uploads\/Bachmoos-1024x770.jpg 1024w, https:\/\/natex-hamburg.de\/blog\/wp-content\/uploads\/Bachmoos.jpg 1387w\" sizes=\"auto, (max-width: 300px) 100vw, 300px\" \/><\/a><a href=\"http:\/\/www.bildatlas-moose.de\/h-o\/Leptodictyum_riparium.html\">weitere Details dieses Mooses<\/a><\/h6>\n<h6>Es w\u00e4chst auf verschiedenen Substraten (Holz, Gestein, Erde) und an Gew\u00e4ssern (sowohl stehenden wie flie\u00dfenden). Es bildet gro\u00dfe, bis 20cm lange, kriechende oder im Wasser flutende gelbgr\u00fcne bis dunkelgr\u00fcne St\u00e4mmchen.\u00a0Dabei zeigen die etwas strubbeligen\u00a0 Triebe in alle Richtungen.<\/h6>\n<p><strong><span style=\"text-decoration: underline;\">Brachytheciaceae (6 Moose aus 3 Gattungen):<\/span><\/strong><\/p>\n<table>\n<tbody>\n<tr>\n<td width=\"302\">\n<h6 style=\"text-align: center;\"><strong>Wei\u00dfes Kurzb\u00fcchsenmoos<\/strong><br \/>\n(Brachythecium albicans)<\/h6>\n<h6 style=\"text-align: center;\"><a href=\"https:\/\/natex-hamburg.de\/blog\/wp-content\/uploads\/Wei\u00dfes-Kurzb\u00fcchsenmoos.jpg\"><img loading=\"lazy\" decoding=\"async\" class=\"aligncenter wp-image-1851\" src=\"https:\/\/natex-hamburg.de\/blog\/wp-content\/uploads\/Wei\u00dfes-Kurzb\u00fcchsenmoos-150x150.jpg\" alt=\"\" width=\"300\" height=\"226\" srcset=\"https:\/\/natex-hamburg.de\/blog\/wp-content\/uploads\/Wei\u00dfes-Kurzb\u00fcchsenmoos-300x226.jpg 300w, https:\/\/natex-hamburg.de\/blog\/wp-content\/uploads\/Wei\u00dfes-Kurzb\u00fcchsenmoos-768x578.jpg 768w, https:\/\/natex-hamburg.de\/blog\/wp-content\/uploads\/Wei\u00dfes-Kurzb\u00fcchsenmoos-1024x770.jpg 1024w, https:\/\/natex-hamburg.de\/blog\/wp-content\/uploads\/Wei\u00dfes-Kurzb\u00fcchsenmoos.jpg 1389w\" sizes=\"auto, (max-width: 300px) 100vw, 300px\" \/><\/a><a href=\"http:\/\/www.bildatlas-moose.de\/a-b\/Brachythecium_albicans.html\">weitere Details dieses Mooses<\/a><\/h6>\n<h6>Diese Moosart ist eine sog. Pionierart, d.h. sie kann bisher vegetationsloses oder -armes Gebiet besiedeln. Dabei w\u00e4chst sie vor allem an trockenen, sonnigen, m\u00e4\u00dfig n\u00e4hrstoffreichen Standorten auf Sand, Humus oder auch \u00fcbererdetem Gestein. Dort bildet es einen lockeren Rasen aus wei\u00df-gr\u00fcnen Pflanzen, deren St\u00e4mmchen entweder aufrecht oder kriechend wachsen Die \u00c4ste werden 0,5 bis 1,0 cm lang.<\/h6>\n<h6><\/h6>\n<\/td>\n<td width=\"302\">\n<h6 style=\"text-align: center;\"><strong>Gemeines Kurzb\u00fcchsenmoos<\/strong><br \/>\n(Brachythecium rutabulum)<br \/>\nauch Kr\u00fcckenf\u00f6rmiges Kurzb\u00fcchsenmoos,<br \/>\nKurzkapselmoos oder Kegelmoos<\/h6>\n<h6 style=\"text-align: center;\"><a href=\"https:\/\/natex-hamburg.de\/blog\/wp-content\/uploads\/Gemeine-Kurzb\u00fcchsenmoos.jpg\"><img loading=\"lazy\" decoding=\"async\" class=\"aligncenter wp-image-1843\" src=\"https:\/\/natex-hamburg.de\/blog\/wp-content\/uploads\/Gemeine-Kurzb\u00fcchsenmoos-150x150.jpg\" alt=\"\" width=\"300\" height=\"226\" srcset=\"https:\/\/natex-hamburg.de\/blog\/wp-content\/uploads\/Gemeine-Kurzb\u00fcchsenmoos-300x226.jpg 300w, https:\/\/natex-hamburg.de\/blog\/wp-content\/uploads\/Gemeine-Kurzb\u00fcchsenmoos-768x579.jpg 768w, https:\/\/natex-hamburg.de\/blog\/wp-content\/uploads\/Gemeine-Kurzb\u00fcchsenmoos-1024x772.jpg 1024w, https:\/\/natex-hamburg.de\/blog\/wp-content\/uploads\/Gemeine-Kurzb\u00fcchsenmoos.jpg 1391w\" sizes=\"auto, (max-width: 300px) 100vw, 300px\" \/><\/a><a href=\"http:\/\/www.bildatlas-moose.de\/a-b\/Brachythecium_rutabulum.jpg\">weitere Details dieses Mooses<\/a><\/h6>\n<h6>Man findet es sowohl in naturnahen Gebieten als auch in Innenst\u00e4dten. Es w\u00e4chst auf Holz, Rinde, Gestein und auf offener wie bewachsener Erde. Es zieht n\u00e4hrstoffreiche Standorte vor.<br \/>\nEs bildet kr\u00e4ftige, unregelm\u00e4\u00dfig verzweigte Rasen aus meist zwischen 5 cm und 10 cm langen St\u00e4mmchen. Die Farbe kann zwischen gr\u00fcn, gelbgr\u00fcn oder goldgr\u00fcn schwanken.<\/h6>\n<\/td>\n<\/tr>\n<tr>\n<td width=\"302\">\n<h6 style=\"text-align: center;\"><strong>Samt Kurzb\u00fcchsenmoos<\/strong><br \/>\n(Brachythecium velutinum)<\/h6>\n<h6 style=\"text-align: center;\"><a href=\"https:\/\/natex-hamburg.de\/blog\/wp-content\/uploads\/Samt-Kurzb\u00fcchsenmoos.jpg\"><img loading=\"lazy\" decoding=\"async\" class=\"aligncenter wp-image-1850\" src=\"https:\/\/natex-hamburg.de\/blog\/wp-content\/uploads\/Samt-Kurzb\u00fcchsenmoos-150x150.jpg\" alt=\"\" width=\"300\" height=\"225\" srcset=\"https:\/\/natex-hamburg.de\/blog\/wp-content\/uploads\/Samt-Kurzb\u00fcchsenmoos-300x225.jpg 300w, https:\/\/natex-hamburg.de\/blog\/wp-content\/uploads\/Samt-Kurzb\u00fcchsenmoos-768x577.jpg 768w, https:\/\/natex-hamburg.de\/blog\/wp-content\/uploads\/Samt-Kurzb\u00fcchsenmoos-1024x769.jpg 1024w, https:\/\/natex-hamburg.de\/blog\/wp-content\/uploads\/Samt-Kurzb\u00fcchsenmoos.jpg 1389w\" sizes=\"auto, (max-width: 300px) 100vw, 300px\" \/><\/a><a href=\"http:\/\/www.bildatlas-moose.de\/a-b\/Brachythecium_velutinum.html\">weitere Details dieses Mooses<\/a><\/h6>\n<h6>Man findet esbevorzugt an schattigen Standorten, wo sie sowohl auf der Erde als auch auf unbewachsenem Gestein sowie an der Basis von B\u00e4umen und auf deren Wurzeln wachsen kann. Die St\u00e4mmchen sind kriechend, d.h. sie \u201eliegen auf dem Boden\u201c und werden 5 &#8211; 10 cm lang. Die Bl\u00e4ttchen dagegen werden nur ca. 1 mm lang und bilden einen gelbgr\u00fcnen bis braunen Rasen.<\/h6>\n<\/td>\n<td width=\"302\">\n<h6 style=\"text-align: center;\"><strong>Kleines Sch\u00f6nschnabelmoos<\/strong><br \/>\n(Eurhynchium hians)<\/h6>\n<h6 style=\"text-align: center;\"><a href=\"https:\/\/natex-hamburg.de\/blog\/wp-content\/uploads\/Eur-Kleines-Sch\u00f6nschnabelmoos.jpg\"><img loading=\"lazy\" decoding=\"async\" class=\"aligncenter size-medium wp-image-1886\" src=\"https:\/\/natex-hamburg.de\/blog\/wp-content\/uploads\/Eur-Kleines-Sch\u00f6nschnabelmoos-300x225.jpg\" alt=\"\" width=\"300\" height=\"225\" srcset=\"https:\/\/natex-hamburg.de\/blog\/wp-content\/uploads\/Eur-Kleines-Sch\u00f6nschnabelmoos-300x225.jpg 300w, https:\/\/natex-hamburg.de\/blog\/wp-content\/uploads\/Eur-Kleines-Sch\u00f6nschnabelmoos-768x576.jpg 768w, https:\/\/natex-hamburg.de\/blog\/wp-content\/uploads\/Eur-Kleines-Sch\u00f6nschnabelmoos-1024x768.jpg 1024w, https:\/\/natex-hamburg.de\/blog\/wp-content\/uploads\/Eur-Kleines-Sch\u00f6nschnabelmoos.jpg 1391w\" sizes=\"auto, (max-width: 300px) 100vw, 300px\" \/><\/a><a href=\"http:\/\/www.bildatlas-moose.de\/e-g\/Eurhynchium_hians.html\">weitere Details dieses Mooses<\/a><\/h6>\n<h6>Eine in Deutschland h\u00e4ufige zu findende Moosart. Es bevorzugt n\u00e4hrstoffreiche, m\u00e4\u00dfig feuchte bis feuchte (d.h. vor allem schattige) Standorte. Dort w\u00e4chst es auf n\u00e4hrstoffreichen Erdb\u00f6den (insbesondere an Wegesr\u00e4ndern und auf Wiesen); selten auf Gestein oder Baumrinden. Unter diesen Bedingungen bildet es einen kr\u00e4ftigen, gr\u00fcnen bis gelbgr\u00fcnen Rasen. Die ca. 1 mm langen Bl\u00e4ttchen haben einen gez\u00e4hnten Blattrand und sind schraubig gewunden an den St\u00e4mmchen angeordnet. Letztere wachsen i.d.R. kriechend, d.h. \u201eauf dem Erdboden liegend\u201c.<\/h6>\n<\/td>\n<\/tr>\n<tr>\n<td width=\"302\">\n<h6 style=\"text-align: center;\"><strong>Langbl\u00e4ttriges Sch\u00f6nschnabelmoos<\/strong><br \/>\n(Eurhynchium praelongum)<\/h6>\n<h6 style=\"text-align: center;\"><a href=\"https:\/\/natex-hamburg.de\/blog\/wp-content\/uploads\/Eur-Langbl\u00e4ttriges-Sch\u00f6nschnabelmoos.jpg\"><img loading=\"lazy\" decoding=\"async\" class=\"aligncenter size-medium wp-image-1885\" src=\"https:\/\/natex-hamburg.de\/blog\/wp-content\/uploads\/Eur-Langbl\u00e4ttriges-Sch\u00f6nschnabelmoos-300x225.jpg\" alt=\"\" width=\"300\" height=\"225\" srcset=\"https:\/\/natex-hamburg.de\/blog\/wp-content\/uploads\/Eur-Langbl\u00e4ttriges-Sch\u00f6nschnabelmoos-300x225.jpg 300w, https:\/\/natex-hamburg.de\/blog\/wp-content\/uploads\/Eur-Langbl\u00e4ttriges-Sch\u00f6nschnabelmoos-768x575.jpg 768w, https:\/\/natex-hamburg.de\/blog\/wp-content\/uploads\/Eur-Langbl\u00e4ttriges-Sch\u00f6nschnabelmoos-1024x766.jpg 1024w, https:\/\/natex-hamburg.de\/blog\/wp-content\/uploads\/Eur-Langbl\u00e4ttriges-Sch\u00f6nschnabelmoos.jpg 1391w\" sizes=\"auto, (max-width: 300px) 100vw, 300px\" \/><\/a><a href=\"http:\/\/www.bildatlas-moose.de\/e-g\/Eurhynchium_prealongum.html\">weitere Details dieses Mooses<\/a><\/h6>\n<h6>Es ist neben seiner \u00fcblichen Verbreitung auf Waldb\u00f6den auch in Innenst\u00e4dten h\u00e4ufig vorzufinden, z.B. in Parks, G\u00e4rten oder im Stra\u00dfenbegleitgr\u00fcn. Es bildet auf Erd- und Steinb\u00f6den gro\u00dfe, gelbgr\u00fcne Rasen und kann an Standorten mit hoher Luftfeuchtigkeit auf Zweigen von B\u00e4umen und Str\u00e4uchern wachsen. Die St\u00e4mmchen werden i.d.R. 5 &#8211; 7 cm lang, oft auch \u00fcber 10 cm. Gut zu erkennen ist diese Art an ihren Bl\u00e4ttchen: Am St\u00e4mmchen sind die Bl\u00e4tter dreieckig, w\u00e4hrend die Bl\u00e4ttchen an den \u00c4sten zugespitzt \/ langgezogen sind. In beiden F\u00e4llen besitzen sie einen ges\u00e4gten Blattrand.<\/h6>\n<\/td>\n<td width=\"302\">\n<h6 style=\"text-align: center;\"><strong>Gemeines Gr\u00fcnst\u00e4ngelmoos<\/strong><br \/>\n(Scleropodium purum)<\/h6>\n<h6 style=\"text-align: center;\"><a href=\"https:\/\/natex-hamburg.de\/blog\/wp-content\/uploads\/Scl-Gemeine-Gr\u00fcnst\u00e4ngelmoos.jpg\"><img loading=\"lazy\" decoding=\"async\" class=\"aligncenter size-medium wp-image-1905\" src=\"https:\/\/natex-hamburg.de\/blog\/wp-content\/uploads\/Scl-Gemeine-Gr\u00fcnst\u00e4ngelmoos-300x226.jpg\" alt=\"\" width=\"300\" height=\"226\" srcset=\"https:\/\/natex-hamburg.de\/blog\/wp-content\/uploads\/Scl-Gemeine-Gr\u00fcnst\u00e4ngelmoos-300x226.jpg 300w, https:\/\/natex-hamburg.de\/blog\/wp-content\/uploads\/Scl-Gemeine-Gr\u00fcnst\u00e4ngelmoos-768x578.jpg 768w, https:\/\/natex-hamburg.de\/blog\/wp-content\/uploads\/Scl-Gemeine-Gr\u00fcnst\u00e4ngelmoos-1024x770.jpg 1024w, https:\/\/natex-hamburg.de\/blog\/wp-content\/uploads\/Scl-Gemeine-Gr\u00fcnst\u00e4ngelmoos.jpg 1389w\" sizes=\"auto, (max-width: 300px) 100vw, 300px\" \/><\/a><a href=\"http:\/\/www.bildatlas-moose.de\/r-s\/Scleropodium_purum.html\">weitere Details dieses Mooses<\/a><\/h6>\n<h6>Es ist ein charakteristisches Waldbodenmoos, welches heutzutage vor allem auch in wieder ausgeforsteten Forsten w\u00e4chst. Es ben\u00f6tigt n\u00e4hrstoffreiche B\u00f6den und bildet dort weitfl\u00e4chige, grasgr\u00fcne bis dunkelgr\u00fcne Rasenfl\u00e4chen, wobei die St\u00e4mmchen Wuchsh\u00f6hen von bis zu 15 cm erreichen k\u00f6nnen. Die Bl\u00e4ttchen sind hohl.<\/h6>\n<\/td>\n<\/tr>\n<\/tbody>\n<\/table>\n<p><strong><span style=\"text-decoration: underline;\">Hylocomiaceae (1 Moose aus einer Gattungen):<\/span><\/strong><\/p>\n<h6 style=\"text-align: center;\"><strong>Sparriger Runzelbruder<\/strong><br \/>\n(Rhytidiadelphus squarrosus)<br \/>\nauch Sparriges Kranzmoos oder Sparriger Runzelpeter<\/h6>\n<h6 style=\"text-align: center;\"><a href=\"https:\/\/natex-hamburg.de\/blog\/wp-content\/uploads\/Rhy-Sparriger-Runzelbruder.jpg\"><img loading=\"lazy\" decoding=\"async\" class=\"aligncenter size-medium wp-image-1901\" src=\"https:\/\/natex-hamburg.de\/blog\/wp-content\/uploads\/Rhy-Sparriger-Runzelbruder-300x225.jpg\" sizes=\"auto, (max-width: 300px) 100vw, 300px\" srcset=\"https:\/\/natex-hamburg.de\/blog\/wp-content\/uploads\/Rhy-Sparriger-Runzelbruder-300x225.jpg 300w, https:\/\/natex-hamburg.de\/blog\/wp-content\/uploads\/Rhy-Sparriger-Runzelbruder-768x577.jpg 768w, https:\/\/natex-hamburg.de\/blog\/wp-content\/uploads\/Rhy-Sparriger-Runzelbruder-1024x769.jpg 1024w, https:\/\/natex-hamburg.de\/blog\/wp-content\/uploads\/Rhy-Sparriger-Runzelbruder.jpg 1391w\" alt=\"\" width=\"300\" height=\"225\" \/><\/a><a href=\"http:\/\/www.bildatlas-moose.de\/r-s\/Rhytidiadelphus_squarrosus.html\">weitere Details dieses Mooses<\/a><\/h6>\n<h6>Es erreicht Wuchsh\u00f6hen von 10 bis 15 cm und bildet dichte Rasen. In St\u00e4dten kommt es beispielsweise in Geb\u00fcschen, auf Wiesen (sowohl n\u00e4hrstoffarmen als auch n\u00e4hrstoffreichen) sowie zwischen Gras vor. Die Farbe der Bl\u00e4tter ist sehr variabel und kann von gelb und kr\u00e4ftigen Gr\u00fcnt\u00f6nen \u00fcber olivgr\u00fcn bis hin zu sehr blassem gr\u00fcn reichen. Auff\u00e4llig sind die Bl\u00e4ttchen: Diese sind lang gezogen, an der Blattspitze sehr stark zugespitzt und in der Mitte sind die Bl\u00e4tter nach unten umgeschlagen. Der Blattrand ist ganzrandig (d.h. \u201eglatt\u201c) und h\u00f6chsten an der Blattspitze leicht ges\u00e4gt.<\/h6>\n<p><strong><span style=\"text-decoration: underline;\">Hypnaceae (2 Moose aus 2 Gattungen):<\/span><\/strong><\/p>\n<table>\n<tbody>\n<tr>\n<td width=\"302\">\n<h6 style=\"text-align: center;\">\u00a0<strong>Zypressenschlafmoos<\/strong><br \/>\n(Hypnum cupressiforme)<\/h6>\n<h6 style=\"text-align: center;\"><a href=\"https:\/\/natex-hamburg.de\/blog\/wp-content\/uploads\/Hyp-Zypressenschlafmoos.jpg\"><img loading=\"lazy\" decoding=\"async\" class=\"aligncenter wp-image-1895\" src=\"https:\/\/natex-hamburg.de\/blog\/wp-content\/uploads\/Hyp-Zypressenschlafmoos-300x224.jpg\" alt=\"\" width=\"300\" height=\"224\" \/><\/a><a href=\"http:\/\/www.bildatlas-moose.de\/h-o\/Hypnum_cupressiforme.html\">weitere Details dieses Mooses<\/a><\/h6>\n<h6>Es ist eine in ihrem Erscheinungsbild sehr variable Moosart, die i.d.R. ausgedehnte Rasen bildet. Sie w\u00e4chst sowohl auf Erdb\u00f6den als auch auf Baumst\u00fcmpfen, Baumrinde, Totholz und unbewachsenem Gestein. Die St\u00e4mmchen sind ca. 3 \u2013 10 cm lang und k\u00f6nnen in ihrer F\u00e4rbung von gelb \u00fcber olivgr\u00fcn bis zu \u201egrasgr\u00fcn\u201c gef\u00e4rbt sein. In W\u00e4ldern bildet es h\u00e4ufig Massenbest\u00e4nde.<\/h6>\n<h6><\/h6>\n<\/td>\n<td width=\"302\">\n<h6 style=\"text-align: center;\"><strong>Zierliches Gleichfl\u00fcgelmoos<\/strong><br \/>\n(Pseudotaxiphyllum elegans)<br \/>\nauch Elegantes Scheineibenblattmoos<\/h6>\n<h6 style=\"text-align: center;\"><a href=\"https:\/\/natex-hamburg.de\/blog\/wp-content\/uploads\/Pse-Zierliches-Gleichfl\u00fcgelmoos.jpg\"><img loading=\"lazy\" decoding=\"async\" class=\"aligncenter wp-image-1895\" src=\"https:\/\/natex-hamburg.de\/blog\/wp-content\/uploads\/Pse-Zierliches-Gleichfl\u00fcgelmoos-300x225.jpg\" alt=\"\" width=\"300\" height=\"224\" \/><\/a><a href=\"http:\/\/www.bildatlas-moose.de\/p\/Pseudotaxiphyllum_elegans.html\">weitere Details dieses Mooses<\/a><\/h6>\n<h6>Es geh\u00f6rt zu den sog. Pionierarten, d.h. es kann schnell bisher vegetationslose oder -arme Standorte schnell besiedeln. Es w\u00e4chst an feuchten Standorten \u201eliegend auf dem Boden\u201c und bildet dabei hellgr\u00fcne bis wei\u00df-gr\u00fcne lockere Rasenfl\u00e4chen. Da es relativ tolerant gegen\u00fcber (Luft- und Boden-) Schadstoffen ist, findet man es au\u00dfer an Waldwegesr\u00e4ndern und B\u00f6schungen, zunehmend auch in Innenst\u00e4dten.<\/h6>\n<\/td>\n<\/tr>\n<\/tbody>\n<\/table>\n<p><strong><span style=\"text-decoration: underline;\">Plagiotheciaceae (2 Moose aus 2 Gattungen):<\/span><\/strong><\/p>\n<table>\n<tbody>\n<tr>\n<td width=\"302\">\n<h6 style=\"text-align: center;\"><strong>Gl\u00e4nzendes Plattmoos<\/strong><br \/>\n(Plagiothecium curvifolium)<br \/>\nauch \u00dcppiges Plattmoos und Kurmmbl\u00e4ttriges Plattmoos<\/h6>\n<h6 style=\"text-align: center;\"><a href=\"https:\/\/natex-hamburg.de\/blog\/wp-content\/uploads\/Pla-Gl\u00e4nzendes-Plattmoos.jpg\"><img loading=\"lazy\" decoding=\"async\" class=\"aligncenter wp-image-1895\" src=\"https:\/\/natex-hamburg.de\/blog\/wp-content\/uploads\/Pla-Gl\u00e4nzendes-Plattmoos-300x224.jpg\" alt=\"\" width=\"300\" height=\"224\" srcset=\"https:\/\/natex-hamburg.de\/blog\/wp-content\/uploads\/Pla-Gl\u00e4nzendes-Plattmoos-300x224.jpg 300w, https:\/\/natex-hamburg.de\/blog\/wp-content\/uploads\/Pla-Gl\u00e4nzendes-Plattmoos-768x573.jpg 768w, https:\/\/natex-hamburg.de\/blog\/wp-content\/uploads\/Pla-Gl\u00e4nzendes-Plattmoos-1024x763.jpg 1024w, https:\/\/natex-hamburg.de\/blog\/wp-content\/uploads\/Pla-Gl\u00e4nzendes-Plattmoos.jpg 1391w\" sizes=\"auto, (max-width: 300px) 100vw, 300px\" \/><\/a><a href=\"http:\/\/www.bildatlas-moose.de\/p\/Plagiothecium_lae_var_curvifolium.html\">weitere Details dieses Mooses<\/a><\/h6>\n<h6>Es bevorzugt feuchte (z.B. Humusb\u00f6den) und n\u00e4hrstoffarme Standorte (w\u00e4chst daher u.a. auf Totholz); selten ist es auf Felsen und an Baumst\u00fcmpfen zu finden. Die sehr unregelm\u00e4\u00dfig geformten Bl\u00e4tter mit ihren charakteristisch nach hakenf\u00f6rmig nach unten gebogenen Blattspitzen sind nur etwa 1 \u2013 2,5 mm lang und bilden in ihrer Gesamtheit einen gl\u00e4nzenden Rasen.<\/h6>\n<h6><\/h6>\n<\/td>\n<td width=\"302\">\n<h6 style=\"text-align: center;\"><strong>Nickenendes Pohlmoos<\/strong><br \/>\n(Pohlia nutans)<\/h6>\n<h6 style=\"text-align: center;\"><a href=\"https:\/\/natex-hamburg.de\/blog\/wp-content\/uploads\/Poh-Nickendes-Pohlmoos.jpg\"><img loading=\"lazy\" decoding=\"async\" class=\"aligncenter wp-image-1843\" src=\"https:\/\/natex-hamburg.de\/blog\/wp-content\/uploads\/Poh-Nickendes-Pohlmoos-300x223.jpg\" alt=\"\" width=\"300\" height=\"226\" \/><\/a><a href=\"http:\/\/www.bildatlas-moose.de\/p\/Pohlia_nutans.html\">weitere Details dieses Mooses<\/a><\/h6>\n<h6>Es bevorzugt Standorte im Halbschatten bis Schatten sowie halbfeuchte bis feuchte B\u00f6den; wobei es auch auf mit Erde bedeckten Felsen, morschem Holz oder in St\u00e4dten auch auf Ziegeld\u00e4chern w\u00e4chst. Dar\u00fcber hinaus w\u00e4chst es (auch in Hamburg) in Hochmooren. Es kann einen sehr dichten gr\u00fcnen bis gelb-gr\u00fcnen Rasen mit einer Wuchsh\u00f6he von bis zu 2 cm bilden. Die Bl\u00e4ttchen werden bis zu 4 mm gro\u00df, sind an ihren Blattspitzen sehr spitz und wachsen aufrecht stehend am St\u00e4mmchen. Letztere sind an ihrem unteren Ende rot bis rotbraun gef\u00e4rbt.<\/h6>\n<\/td>\n<\/tr>\n<\/tbody>\n<\/table>\n<p style=\"text-align: center;\">ENDE<\/p>\n","protected":false},"excerpt":{"rendered":"<p>Kennzeichen: St\u00e4mmchen sind meist mehr oder weniger liegend und verzweigt. Die St\u00e4mmchen verschiedener Einzelpflanzen sind ineinander verflochtenen, wodurch Moosrasen bzw. -matten entstehen. Die Fortpflanzungsorgane (Kapseln mit Stielen) sitzen meist an den Seiten der \u00c4stchen oder St\u00e4mmchen. Mithilfe eines Mikroskops kann &hellip; <a href=\"https:\/\/natex-hamburg.de\/blog\/tierschutz\/hilfen-zur-natex-aufgabe-ohne-moos-nix-los\/moos-bestimmungshilfe1\/auswahl-seitenfruechtiger-laubmoose-in-hamburg\/\">Continue reading <span class=\"meta-nav\">&rarr;<\/span><\/a><\/p>\n","protected":false},"author":2,"featured_media":0,"parent":1830,"menu_order":0,"comment_status":"closed","ping_status":"closed","template":"","meta":{"footnotes":""},"class_list":["post-2016","page","type-page","status-publish","hentry"],"_links":{"self":[{"href":"https:\/\/natex-hamburg.de\/blog\/wp-json\/wp\/v2\/pages\/2016","targetHints":{"allow":["GET"]}}],"collection":[{"href":"https:\/\/natex-hamburg.de\/blog\/wp-json\/wp\/v2\/pages"}],"about":[{"href":"https:\/\/natex-hamburg.de\/blog\/wp-json\/wp\/v2\/types\/page"}],"author":[{"embeddable":true,"href":"https:\/\/natex-hamburg.de\/blog\/wp-json\/wp\/v2\/users\/2"}],"replies":[{"embeddable":true,"href":"https:\/\/natex-hamburg.de\/blog\/wp-json\/wp\/v2\/comments?post=2016"}],"version-history":[{"count":5,"href":"https:\/\/natex-hamburg.de\/blog\/wp-json\/wp\/v2\/pages\/2016\/revisions"}],"predecessor-version":[{"id":2022,"href":"https:\/\/natex-hamburg.de\/blog\/wp-json\/wp\/v2\/pages\/2016\/revisions\/2022"}],"up":[{"embeddable":true,"href":"https:\/\/natex-hamburg.de\/blog\/wp-json\/wp\/v2\/pages\/1830"}],"wp:attachment":[{"href":"https:\/\/natex-hamburg.de\/blog\/wp-json\/wp\/v2\/media?parent=2016"}],"curies":[{"name":"wp","href":"https:\/\/api.w.org\/{rel}","templated":true}]}}