{"id":626,"date":"2012-11-22T15:44:23","date_gmt":"2012-11-22T13:44:23","guid":{"rendered":"http:\/\/natex-hamburg.de\/blog\/?page_id=626"},"modified":"2023-06-18T23:42:20","modified_gmt":"2023-06-18T21:42:20","slug":"faq","status":"publish","type":"page","link":"https:\/\/natex-hamburg.de\/blog\/faq\/","title":{"rendered":"FAQ"},"content":{"rendered":"<h2 dir=\"ltr\">Frequently Asked Questions &#8211; H\u00e4ufig gestellte Fragen<\/h2>\n<p><strong>Kann ich auch ein anderes Geschlecht als Junge oder M\u00e4dchen angeben?<\/strong><br \/>\nWenn du dich mit keinem der vorgegebenen Geschlechter identifizieren kannst, dann notiere zus\u00e4tzlich zum gemachten Kreuz unter Bemerkungen \u201eDivers\u201c.<\/p>\n<p dir=\"ltr\"><strong>Was mache ich, wenn ich von keinem Lehrer betreut werde?<\/strong><br \/>\nTrage dann auf dem Deckblatt deinen Klassenlehrer ein. Es ist wichtig, dass dort ein Lehrer genannt wird, weil du \u00fcber ihn die R\u00fcckmeldungen und Urkunden bekommst.<\/p>\n<p dir=\"ltr\"><strong>Was mache ich, wenn ich bei der Online-Daten\u00fcbertragung Angaben korrigieren m\u00f6chte?<\/strong><br \/>\nMelde dich dann noch einmal an und reiche uns dann nur das neue Deckblatt mit der neuen Anmeldenummer ein. Wenn sich bei dir von der 1. zur 2. Runde \u00c4nderungen ergeben haben (z.B. neue Adresse, anderer Lehrer), notiere das auf dem Deckblatt zur 2. Runde. Eine erneute Internet-Anmeldung ist nicht erforderlich und nicht ratsam.<\/p>\n<p dir=\"ltr\"><strong>Warum soll ich auch meine Adresse und Telefonnummer angeben?<\/strong><br \/>\nWenn du zu den Siegern geh\u00f6rst, wollen wir dich direkt anschreiben oder anrufen k\u00f6nnen. Wenn die Daten fehlen, haben wir Schwierigkeiten mit dir Kontakt aufzunehmen und es kann sein, dass du zur Siegerehrung nicht eingeladen werden kannst.<\/p>\n<p dir=\"ltr\"><strong>Kann ich in der 2. Runde in einer anderen Arbeitsgruppe als in der 1. Runde arbeiten?<\/strong><br \/>\nJa, wir erfassen jeden Sch\u00fcler einzeln. Auf dem Deckblatt zur 2. Runde einfach die neuen Gruppenmitglieder eintragen.<\/p>\n<p dir=\"ltr\"><strong>Was mache ich, wenn ich bei der Anmeldung zur 2. Runde meine Anmeldenummer der 1. Runde vergessen habe?<\/strong><br \/>\nF\u00fclle dann das Deckblatt zur 2. Runde vollst\u00e4ndig aus und kreuze &#8222;Teilnehmernummer vergessen&#8220; an. Wir k\u00f6nnen dich dann zuordnen. F\u00fchre <span style=\"text-decoration: underline;\">keine<\/span> erneute &#8222;Online-Daten\u00fcbertragung&#8220; durch.<\/p>\n<p dir=\"ltr\"><strong>Ist es erlaubt, dass in einem Team zwei Kinder unterschiedlicher Schulen (z.B. ein Kind in Klasse 4 Grundschule und ein Kind in Klasse 5 Gymnasium) miteinander forschen?<\/strong><br \/>\nJa, das ist m\u00f6glich. Wichtig ist nur, dies auf dem Anmeldeformular deutlich zu vermerken. Da standardm\u00e4\u00dfig nur eine Schule angegeben werden kann, melden sich bitte beide Kinder getrennt (jeweils als 1er-Gruppe) an und heften beide Deckbl\u00e4tter \u00fcbereinander an den Beginn der Arbeit (mit einem kurzen handschriftlichen Vermerk, dass gemeinsam gearbeitet wurde). Ansonsten kann auch auf das gemeinsame Deckblatt (bei Anmeldung als 2er-Gruppe) handschriftlich die Schule und \u2013 ganz wichtig \u2013 der Lehrer des anderen Kindes deutlich sichtbar erg\u00e4nzt werden.<\/p>\n<p dir=\"ltr\"><strong>Kann ich an der 2. Runde teilnehmen, wenn ich nicht an der 1. Runde teilgenommen habe?<\/strong><br \/>\nJa, das ist m\u00f6glich. Sch\u00fcler, die an beiden Runden teilnehmen, haben aber gr\u00f6\u00dfere Chancen einen Preis zu gewinnen.<\/p>\n<p dir=\"ltr\"><strong>Was machen wir mit dem Deckblatt zur 2. Runde, wenn in unserer Gruppe Sch\u00fcler sind, die an der 1. Runde teilgenommen haben, und Sch\u00fcler, die zum ersten Mal teilnehmen?<br \/>\n<\/strong>Nur die Sch\u00fcler der Gruppe, die an der 1. Runde <span style=\"text-decoration: underline;\">nicht<\/span> teilgenommen haben, f\u00fchren eine &#8222;Online-Daten\u00fcbertragung&#8220; durch und erhalten so ihre Teilnehmernummern. F\u00fcllt danach das Deckblatt vollst\u00e4ndig mit den alten und den neu erhaltenen Teilnehmernummern sowie allen weiteren Daten handschriftlich aus. Ihr k\u00f6nnt alternativ das Deckblatt der Online-Daten\u00fcbertragung hinter das handschriftlich ausgef\u00fcllte Deckblatt heften und einen deutlichen Vermerk machen, dass ihr als eine Gruppe gearbeitet habt.<\/p>\n<p dir=\"ltr\"><strong>Wann passiert&#8230;? Wann bekomme ich&#8230;?<br \/>\nWie ist der zeitliche Ablauf?<\/strong><a href=\"https:\/\/natex-hamburg.de\/blog\/wp-content\/uploads\/NATEX-Jahreskalender.png\"><img loading=\"lazy\" decoding=\"async\" class=\"aligncenter wp-image-1675 size-full\" src=\"https:\/\/natex-hamburg.de\/blog\/wp-content\/uploads\/NATEX-Jahreskalender.png\" alt=\"\" width=\"980\" height=\"804\" srcset=\"https:\/\/natex-hamburg.de\/blog\/wp-content\/uploads\/NATEX-Jahreskalender.png 980w, https:\/\/natex-hamburg.de\/blog\/wp-content\/uploads\/NATEX-Jahreskalender-300x246.png 300w, https:\/\/natex-hamburg.de\/blog\/wp-content\/uploads\/NATEX-Jahreskalender-768x630.png 768w\" sizes=\"auto, (max-width: 980px) 100vw, 980px\" \/><\/a><\/p>\n<p dir=\"ltr\">\n","protected":false},"excerpt":{"rendered":"<p>Frequently Asked Questions &#8211; H\u00e4ufig gestellte Fragen Kann ich auch ein anderes Geschlecht als Junge oder M\u00e4dchen angeben? Wenn du dich mit keinem der vorgegebenen Geschlechter identifizieren kannst, dann notiere zus\u00e4tzlich zum gemachten Kreuz unter Bemerkungen \u201eDivers\u201c. Was mache ich, &hellip; <a href=\"https:\/\/natex-hamburg.de\/blog\/faq\/\">Continue reading <span class=\"meta-nav\">&rarr;<\/span><\/a><\/p>\n","protected":false},"author":1,"featured_media":0,"parent":0,"menu_order":0,"comment_status":"closed","ping_status":"closed","template":"","meta":{"footnotes":""},"class_list":["post-626","page","type-page","status-publish","hentry"],"_links":{"self":[{"href":"https:\/\/natex-hamburg.de\/blog\/wp-json\/wp\/v2\/pages\/626","targetHints":{"allow":["GET"]}}],"collection":[{"href":"https:\/\/natex-hamburg.de\/blog\/wp-json\/wp\/v2\/pages"}],"about":[{"href":"https:\/\/natex-hamburg.de\/blog\/wp-json\/wp\/v2\/types\/page"}],"author":[{"embeddable":true,"href":"https:\/\/natex-hamburg.de\/blog\/wp-json\/wp\/v2\/users\/1"}],"replies":[{"embeddable":true,"href":"https:\/\/natex-hamburg.de\/blog\/wp-json\/wp\/v2\/comments?post=626"}],"version-history":[{"count":18,"href":"https:\/\/natex-hamburg.de\/blog\/wp-json\/wp\/v2\/pages\/626\/revisions"}],"predecessor-version":[{"id":2435,"href":"https:\/\/natex-hamburg.de\/blog\/wp-json\/wp\/v2\/pages\/626\/revisions\/2435"}],"wp:attachment":[{"href":"https:\/\/natex-hamburg.de\/blog\/wp-json\/wp\/v2\/media?parent=626"}],"curies":[{"name":"wp","href":"https:\/\/api.w.org\/{rel}","templated":true}]}}