{"id":7,"date":"2010-08-21T01:40:06","date_gmt":"2010-08-20T23:40:06","guid":{"rendered":"http:\/\/natex-hamburg.de\/blog\/?page_id=7"},"modified":"2024-07-22T19:37:15","modified_gmt":"2024-07-22T17:37:15","slug":"kontakt","status":"publish","type":"page","link":"https:\/\/natex-hamburg.de\/blog\/kontakt\/","title":{"rendered":"Impressum"},"content":{"rendered":"<p>Impressum der Homepage des Sch\u00fclerwettbewerbs NATEX.<\/p>\n<h2>Herausgeber (Diensteanbieter)<\/h2>\n<p>NATEX ist ein Sch\u00fclerwettbewerb der Beh<a href=\"https:\/\/li.hamburg.de\/\"><img loading=\"lazy\" decoding=\"async\" class=\"alignright\" src=\"..\/..\/images\/li.gif\" alt=\"Li Hamburg\" width=\"106\" height=\"106\" align=\"right\" border=\"0\" \/><\/a>\u00f6rde f\u00fcr Schule und Berufsbildung in Hamburg (Hamburger Stra\u00dfe 31, 22083 Hamburg) unterst\u00fctzt vom Landesinstitut f\u00fcr Lehrerbildung und Schulentwicklung (<span id=\"articleText\">Felix-Dahn-Stra\u00dfe 3, 20357 Hamburg<\/span>).<\/p>\n<h2>Verantwortlich f\u00fcr den Inhalt<\/h2>\n<p>NATEX wird seid dem 1. August 2008 geleitet von:<\/p>\n<table>\n<tbody>\n<tr>\n<td width=\"302\"><strong>Markus Ziebegk<br \/>\n<\/strong>Gymnasium Marienthal<br \/>\nHolstenhofweg 86<br \/>\n22043 Hamburg<br \/>\nTel.:\u00a0040 4288631-0<br \/>\nFax.:\u00a0040 4288631-31<\/td>\n<td width=\"302\"><strong>Olaf Schmidt<br \/>\n<\/strong>Waldd\u00f6rfer Gymnasium<br \/>\nIm Allhorn 45<br \/>\n22359 Hamburg<br \/>\nTel.:\u00a0040 4289693-0<br \/>\nFax.:\u00a0040 4289693-22<\/td>\n<\/tr>\n<\/tbody>\n<\/table>\n<p>Das NATEX-Team setzt sich aus den folgenden Personen zusammen:<\/p>\n<table width=\"500\">\n<tbody>\n<tr>\n<th>Biologie<\/th>\n<td>Christoph W\u00f6hlecke, Nils Okun, Olaf Schmidt<\/td>\n<\/tr>\n<tr>\n<th>Chemie<\/th>\n<td>Claudia K\u00f6rper, Marlon K\u00f6rper, Mark Pentz<\/td>\n<\/tr>\n<tr>\n<th>Physik<\/th>\n<td>Burkhard Arnold, Christian Kleinert, Torsten Grigat,<br \/>\nMarkus Ziebegk<\/td>\n<\/tr>\n<tr>\n<th>ehemalige Mitglieder<\/th>\n<td>Willi K\u00f6ssler ( 2002-2006\u2020), Rainer Wagner (2001-2008), Oliver Liebenberg (2002 -2010), Hilke S\u00f6hle (2010-2017), Dr. Richard Forck (2018-2019), Dr. Ralf Eikhorst (2011-2020), Dr. Sandra Haubrich (2014-2021), Klaus Ohrner (2002-2020), Dr. Melanie Gerharz (2015-2022), Beke Rathjens (2020-2022), Britta Kruse (2020-2023), Mechthild Doedens (2010-2024)<\/td>\n<\/tr>\n<\/tbody>\n<\/table>\n<p>Noch Fragen?<br \/>\nDas NATEX-Team hilft gerne und ist unter <img decoding=\"async\" src=\"..\/..\/images\/email.gif\" alt=\"natex[at]t-online[.]de\" \/> zu erreichen.<\/p>\n<p>In Zusammenarbeit mit<\/p>\n<ul>\n<li>Thomas Bressau, Referat Sch\u00fclerwettbewerbe der BSB<\/li>\n<li>Beratungsstelle besondere Begabungen (BbB)<\/li>\n<\/ul>\n<h2>Urheberrecht \/ Nutzungsbedingungen<\/h2>\n<p>Texte, Bilder, Grafiken und Fotos sowie die Gestaltung dieser Internetseiten unterligen dem Urheberrecht. Als Privatperson d\u00fcrfen Sie urheberrechtlich gesch\u00fctztes Material zum privaten und sonstigen eigenen Gebrauch im Rahmen des \u00a7 53 UrhG verwenden. Eine Vervielf\u00e4ltigung oder Verwendung urheberrechtlich gesch\u00fctzten Materials dieser Seiten oder Teilen davon in anderen elektronischen oder gedruckten Publikationen und deren Ver\u00f6ffentlichung ist nur mit unserer Einwilligung gestattet.<br \/>\nAlle NATEX-Aufgaben sind lizenziert unter einer <a href=\"http:\/\/creativecommons.org\/licenses\/by-nc\/4.0\/deed.de\" rel=\"license\">Creative Commons Namensnennung-Nicht kommerziell 4.0 International Lizenz<\/a>. Dieses bedeutet, dass alle NATEX-Aufgaben frei f\u00fcr schulische und private Zwecke verwendet werden d\u00fcrfen, auch in ver\u00e4nderten Fassungen. <a href=\"http:\/\/www.natex-hamburg.de\">NATEX<\/a> muss aber als Urheber des Originals erkennbar sein. <img decoding=\"async\" class=\"transparent\" src=\"https:\/\/natex-hamburg.de\/creative-commons.png\" alt=\"https:\/\/natex-hamburg.de\/creative-commons.png\" \/><\/p>\n<h2>Haftung f\u00fcr Inhalte<\/h2>\n<p>Alle auf dieser Internetseite bereitgestellten Informationen haben wir nach bestem Wissen und Gewissen erarbeitet und gepr\u00fcft. Eine Gew\u00e4hr f\u00fcr die jederzeitige Aktualit\u00e4t, Richtigkeit, Vollst\u00e4ndigkeit, Qualit\u00e4t und Verf\u00fcgbarkeit der bereit gestellten Informationen k\u00f6nnen wir allerdings nicht \u00fcbernehmen. Als Diensteanbieter sind wir gem\u00e4\u00df \u00a7 7 Abs.1 TMG f\u00fcr eigene Inhalte auf diesen Seiten nach den allgemeinen Gesetzen verantwortlich. Ein Vertragsverh\u00e4ltnis mit den Nutzern des Internetangebots kommt nicht zustande.<br \/>\nWir haften nicht f\u00fcr Sch\u00e4den, die durch die Nutzung dieses Internetangebots entstehen. Dieser Haftungsausschluss gilt nicht, soweit die Vorschriften des \u00a7 839 BGB (Haftung bei Amtspflichtverletzung) einschl\u00e4gig sind. F\u00fcr etwaige Sch\u00e4den, die beim Aufrufen oder Herunterladen von Daten durch Schadsoftware oder der Installation oder Nutzung von Software verursacht werden, \u00fcbernehmen wir keine Haftung.<\/p>\n<p>Von unseren eigenen Inhalten sind Querverweise (\u201eLinks\u201c) auf die Webseiten anderer Anbieter zu unterscheiden. Durch diese Links erm\u00f6glichen wir lediglich den Zugang zur Nutzung fremder Inhalte nach \u00a7 8 Telemediengesetz. Bei der erstmaligen Verkn\u00fcpfung mit diesen Internetangeboten haben wir diese fremden Inhalte daraufhin \u00fcberpr\u00fcft, ob durch sie eine m\u00f6gliche zivilrechtliche oder strafrechtliche Verantwortlichkeit ausgel\u00f6st wird. Wir k\u00f6nnen diese fremden Inhalte aber nicht st\u00e4ndig &#8211; ohne konkrete Anhaltspunkte &#8211; auf Ver\u00e4nderungen \u00fcberpr\u00fcfen und daher auch keine Verantwortung daf\u00fcr \u00fcbernehmen. Sollten Sie der Ansicht sein, dass die verlinkten externen Seiten gegen geltendes Recht versto\u00dfen oder sonst unangemessene Inhalte haben, so teilen Sie uns dies bitte mit. F\u00fcr illegale, fehlerhafte oder unvollst\u00e4ndige Inhalte und insbesondere f\u00fcr Sch\u00e4den, die aus der Nutzung oder Nichtnutzung von Informationen Dritter entstehen, haftet allein der jeweilige Anbieter der Seite.<\/p>\n<h2>Nicht vergessen<\/h2>\n<p>Webseitengestaltung: <a href=\"http:\/\/www.dominik-peters.de\/\">Dr. Dominik Peters<\/a><\/p>\n<h3>Der Wettbewerb wird unterst\u00fctzt von:<\/h3>\n<p><a href=\"http:\/\/www.vci.de\/fonds\"><img loading=\"lazy\" decoding=\"async\" src=\"..\/..\/images\/fonds.gif\" alt=\"Fonds der Chemischen Industrie\" width=\"180\" height=\"54\" border=\"0\" \/><\/a> <a href=\"http:\/\/www.geolino.de\/\"><img loading=\"lazy\" decoding=\"async\" src=\"..\/..\/images\/geolino.gif\" alt=\"GEOlino - Das Erlebnisheft\" width=\"178\" height=\"54\" border=\"0\" \/><\/a><\/p>\n","protected":false},"excerpt":{"rendered":"<p>Impressum der Homepage des Sch\u00fclerwettbewerbs NATEX. Herausgeber (Diensteanbieter) NATEX ist ein Sch\u00fclerwettbewerb der Beh\u00f6rde f\u00fcr Schule und Berufsbildung in Hamburg (Hamburger Stra\u00dfe 31, 22083 Hamburg) unterst\u00fctzt vom Landesinstitut f\u00fcr Lehrerbildung und Schulentwicklung (Felix-Dahn-Stra\u00dfe 3, 20357 Hamburg). Verantwortlich f\u00fcr den Inhalt &hellip; <a href=\"https:\/\/natex-hamburg.de\/blog\/kontakt\/\">Continue reading <span class=\"meta-nav\">&rarr;<\/span><\/a><\/p>\n","protected":false},"author":1,"featured_media":0,"parent":0,"menu_order":10,"comment_status":"closed","ping_status":"closed","template":"","meta":{"footnotes":""},"class_list":["post-7","page","type-page","status-publish","hentry"],"_links":{"self":[{"href":"https:\/\/natex-hamburg.de\/blog\/wp-json\/wp\/v2\/pages\/7","targetHints":{"allow":["GET"]}}],"collection":[{"href":"https:\/\/natex-hamburg.de\/blog\/wp-json\/wp\/v2\/pages"}],"about":[{"href":"https:\/\/natex-hamburg.de\/blog\/wp-json\/wp\/v2\/types\/page"}],"author":[{"embeddable":true,"href":"https:\/\/natex-hamburg.de\/blog\/wp-json\/wp\/v2\/users\/1"}],"replies":[{"embeddable":true,"href":"https:\/\/natex-hamburg.de\/blog\/wp-json\/wp\/v2\/comments?post=7"}],"version-history":[{"count":35,"href":"https:\/\/natex-hamburg.de\/blog\/wp-json\/wp\/v2\/pages\/7\/revisions"}],"predecessor-version":[{"id":2634,"href":"https:\/\/natex-hamburg.de\/blog\/wp-json\/wp\/v2\/pages\/7\/revisions\/2634"}],"wp:attachment":[{"href":"https:\/\/natex-hamburg.de\/blog\/wp-json\/wp\/v2\/media?parent=7"}],"curies":[{"name":"wp","href":"https:\/\/api.w.org\/{rel}","templated":true}]}}